{"id":96,"date":"2022-09-30T14:34:03","date_gmt":"2022-09-30T12:34:03","guid":{"rendered":"https:\/\/connectb.de\/logikeditor\/?page_id=96"},"modified":"2022-10-05T11:32:20","modified_gmt":"2022-10-05T09:32:20","slug":"faq","status":"publish","type":"page","link":"https:\/\/logikeditor.de\/en\/faq\/","title":{"rendered":"FAQ"},"content":{"rendered":"<h1>Frequently asked questions<\/h1>\n<h2>What are logic groups?<\/h2>\n<p>Logic groups are functional arrangements that are\u00a0<b>LOGIK<\/b>EDITOR of the EIB<b>PORT<\/b>\u00a0and\u00a0<b>LOGIK<\/b>MODULE can be used and perform application-oriented services in building automation based on KNX or EnOcean.<\/p>\n<h2>What is the\u00a0<b>LOGIK<\/b>EDITOR?<\/h2>\n<p><b>LOGIK<\/b>EDITOR is a web application for the graphical creation of logics and automation functions within the EIB.<b>PORT<\/b>\u00a0and\u00a0<b>LOGIK<\/b>MODULE.<\/p>\n<h2>Can the downloaded logic groups be used in productive environments?<\/h2>\n<p>The logic groups offered serve as orientation aids and are intended to demonstrate solution approaches. They are not intended for productive use. Please also note our\u00a0<a href=\"https:\/\/www.logikeditor.de\/de\/nutzungsbedingungen\/\" target=\"_self\" rel=\"noopener\">General conditions of use<\/a>.<\/p>\n<h2>From which EIB<b>PORT<\/b>\u00a0Firmware version can these logic groups be used?<\/h2>\n<p>The\u00a0<b>LOGIK<\/b>EDITOR is available from firmware version 3.5.0. Basically, the latest\u00a0<a href=\"http:\/\/www.bab-tec.de\/downloads\" target=\"_blank\" rel=\"noopener\">EIB<b>PORT Firmware.<\/b><\/a><\/p>","protected":false},"excerpt":{"rendered":"<p>Frequently asked questions What are logic groups? Logic groups are functional arrangements that can be used in the LOGIKEDITOR of the EIBPORT and LOGIKMODULE and perform application-orientated services in building automation based on KNX or EnOcean. What is the LOGIKEDITOR? LOGIKEDITOR is a web application for graphically creating logics and automation functions within the EIBPORT and LOGIKMODULE. Can the downloaded logic groups be used in productive environments? The...<\/p>","protected":false},"author":1,"featured_media":0,"parent":0,"menu_order":0,"comment_status":"closed","ping_status":"closed","template":"","meta":{"_acf_changed":false,"footnotes":""},"class_list":["post-96","page","type-page","status-publish","hentry"],"acf":[],"yoast_head":"<!-- This site is optimized with the Yoast SEO plugin v24.0 - https:\/\/yoast.com\/wordpress\/plugins\/seo\/ -->\n<title>FAQ - LOGIKEDITOR NETWORK<\/title>\n<meta name=\"robots\" content=\"index, follow, max-snippet:-1, max-image-preview:large, max-video-preview:-1\" \/>\n<link rel=\"canonical\" href=\"https:\/\/logikeditor.de\/en\/faq\/\" \/>\n<meta property=\"og:locale\" content=\"en_GB\" \/>\n<meta property=\"og:type\" content=\"article\" \/>\n<meta property=\"og:title\" content=\"FAQ - LOGIKEDITOR NETWORK\" \/>\n<meta property=\"og:description\" content=\"H\u00e4ufig gestellte Fragen Was sind Logikgruppen? Logikgruppen sind Funktionsanordnungen, die im\u00a0LOGIKEDITOR des EIBPORT\u00a0und\u00a0LOGIKMODULE verwendet werden k\u00f6nnen und anwendungsorientierte Dienste in der Geb\u00e4udeautomation auf Basis von KNX oder EnOcean ausf\u00fchren. Was ist der\u00a0LOGIKEDITOR? LOGIKEDITOR ist eine Web-Applikation zum grafischen Erstellen von Logiken und Automatisierungsfunktionen innerhalb des EIBPORT\u00a0und\u00a0LOGIKMODULE. K\u00f6nnen die heruntegeladenen Logikgruppen in Produktivumgebungen genutzt werden? Die...\" \/>\n<meta property=\"og:url\" content=\"https:\/\/logikeditor.de\/en\/faq\/\" \/>\n<meta property=\"og:site_name\" content=\"LOGIKEDITOR NETWORK\" \/>\n<meta property=\"article:publisher\" content=\"https:\/\/facebook.com\/babtechnologiegmbh\" \/>\n<meta property=\"article:modified_time\" content=\"2022-10-05T09:32:20+00:00\" \/>\n<meta name=\"twitter:card\" content=\"summary_large_image\" \/>\n<meta name=\"twitter:label1\" content=\"Estimated reading time\" \/>\n\t<meta name=\"twitter:data1\" content=\"1 minute\" \/>\n<script type=\"application\/ld+json\" class=\"yoast-schema-graph\">{\"@context\":\"https:\/\/schema.org\",\"@graph\":[{\"@type\":\"WebPage\",\"@id\":\"https:\/\/logikeditor.de\/faq\/\",\"url\":\"https:\/\/logikeditor.de\/faq\/\",\"name\":\"FAQ - LOGIKEDITOR NETWORK\",\"isPartOf\":{\"@id\":\"https:\/\/logikeditor.de\/#website\"},\"datePublished\":\"2022-09-30T12:34:03+00:00\",\"dateModified\":\"2022-10-05T09:32:20+00:00\",\"breadcrumb\":{\"@id\":\"https:\/\/logikeditor.de\/faq\/#breadcrumb\"},\"inLanguage\":\"en-GB\",\"potentialAction\":[{\"@type\":\"ReadAction\",\"target\":[\"https:\/\/logikeditor.de\/faq\/\"]}]},{\"@type\":\"BreadcrumbList\",\"@id\":\"https:\/\/logikeditor.de\/faq\/#breadcrumb\",\"itemListElement\":[{\"@type\":\"ListItem\",\"position\":1,\"name\":\"Startseite\",\"item\":\"https:\/\/logikeditor.de\/\"},{\"@type\":\"ListItem\",\"position\":2,\"name\":\"FAQ\"}]},{\"@type\":\"WebSite\",\"@id\":\"https:\/\/logikeditor.de\/#website\",\"url\":\"https:\/\/logikeditor.de\/\",\"name\":\"LOGIKEDITOR NETWORK\",\"description\":\"Logikgruppen f\u00fcr den LOGIKEDITOR\",\"publisher\":{\"@id\":\"https:\/\/logikeditor.de\/#organization\"},\"potentialAction\":[{\"@type\":\"SearchAction\",\"target\":{\"@type\":\"EntryPoint\",\"urlTemplate\":\"https:\/\/logikeditor.de\/?s={search_term_string}\"},\"query-input\":{\"@type\":\"PropertyValueSpecification\",\"valueRequired\":true,\"valueName\":\"search_term_string\"}}],\"inLanguage\":\"en-GB\"},{\"@type\":\"Organization\",\"@id\":\"https:\/\/logikeditor.de\/#organization\",\"name\":\"LOGIKEDITOR NETWORK\",\"url\":\"https:\/\/logikeditor.de\/\",\"logo\":{\"@type\":\"ImageObject\",\"inLanguage\":\"en-GB\",\"@id\":\"https:\/\/logikeditor.de\/#\/schema\/logo\/image\/\",\"url\":\"https:\/\/logikeditor.de\/downloads\/logikeditor_title.png\",\"contentUrl\":\"https:\/\/logikeditor.de\/downloads\/logikeditor_title.png\",\"width\":140,\"height\":160,\"caption\":\"LOGIKEDITOR NETWORK\"},\"image\":{\"@id\":\"https:\/\/logikeditor.de\/#\/schema\/logo\/image\/\"},\"sameAs\":[\"https:\/\/facebook.com\/babtechnologiegmbh\",\"https:\/\/instagram.com\/babtechnologie\"]}]}<\/script>\n<!-- \/ Yoast SEO plugin. -->","yoast_head_json":{"title":"FAQ - LOGIKEDITOR NETWORK","robots":{"index":"index","follow":"follow","max-snippet":"max-snippet:-1","max-image-preview":"max-image-preview:large","max-video-preview":"max-video-preview:-1"},"canonical":"https:\/\/logikeditor.de\/en\/faq\/","og_locale":"en_GB","og_type":"article","og_title":"FAQ - LOGIKEDITOR NETWORK","og_description":"H\u00e4ufig gestellte Fragen Was sind Logikgruppen? Logikgruppen sind Funktionsanordnungen, die im\u00a0LOGIKEDITOR des EIBPORT\u00a0und\u00a0LOGIKMODULE verwendet werden k\u00f6nnen und anwendungsorientierte Dienste in der Geb\u00e4udeautomation auf Basis von KNX oder EnOcean ausf\u00fchren. Was ist der\u00a0LOGIKEDITOR? LOGIKEDITOR ist eine Web-Applikation zum grafischen Erstellen von Logiken und Automatisierungsfunktionen innerhalb des EIBPORT\u00a0und\u00a0LOGIKMODULE. K\u00f6nnen die heruntegeladenen Logikgruppen in Produktivumgebungen genutzt werden? Die...","og_url":"https:\/\/logikeditor.de\/en\/faq\/","og_site_name":"LOGIKEDITOR NETWORK","article_publisher":"https:\/\/facebook.com\/babtechnologiegmbh","article_modified_time":"2022-10-05T09:32:20+00:00","twitter_card":"summary_large_image","twitter_misc":{"Estimated reading time":"1 minute"},"schema":{"@context":"https:\/\/schema.org","@graph":[{"@type":"WebPage","@id":"https:\/\/logikeditor.de\/faq\/","url":"https:\/\/logikeditor.de\/faq\/","name":"FAQ - LOGIKEDITOR NETWORK","isPartOf":{"@id":"https:\/\/logikeditor.de\/#website"},"datePublished":"2022-09-30T12:34:03+00:00","dateModified":"2022-10-05T09:32:20+00:00","breadcrumb":{"@id":"https:\/\/logikeditor.de\/faq\/#breadcrumb"},"inLanguage":"en-GB","potentialAction":[{"@type":"ReadAction","target":["https:\/\/logikeditor.de\/faq\/"]}]},{"@type":"BreadcrumbList","@id":"https:\/\/logikeditor.de\/faq\/#breadcrumb","itemListElement":[{"@type":"ListItem","position":1,"name":"Startseite","item":"https:\/\/logikeditor.de\/"},{"@type":"ListItem","position":2,"name":"FAQ"}]},{"@type":"WebSite","@id":"https:\/\/logikeditor.de\/#website","url":"https:\/\/logikeditor.de\/","name":"LOGIKEDITOR NETWORK","description":"Logikgruppen f\u00fcr den LOGIKEDITOR","publisher":{"@id":"https:\/\/logikeditor.de\/#organization"},"potentialAction":[{"@type":"SearchAction","target":{"@type":"EntryPoint","urlTemplate":"https:\/\/logikeditor.de\/?s={search_term_string}"},"query-input":{"@type":"PropertyValueSpecification","valueRequired":true,"valueName":"search_term_string"}}],"inLanguage":"en-GB"},{"@type":"Organization","@id":"https:\/\/logikeditor.de\/#organization","name":"LOGIKEDITOR NETWORK","url":"https:\/\/logikeditor.de\/","logo":{"@type":"ImageObject","inLanguage":"en-GB","@id":"https:\/\/logikeditor.de\/#\/schema\/logo\/image\/","url":"https:\/\/logikeditor.de\/downloads\/logikeditor_title.png","contentUrl":"https:\/\/logikeditor.de\/downloads\/logikeditor_title.png","width":140,"height":160,"caption":"LOGIKEDITOR NETWORK"},"image":{"@id":"https:\/\/logikeditor.de\/#\/schema\/logo\/image\/"},"sameAs":["https:\/\/facebook.com\/babtechnologiegmbh","https:\/\/instagram.com\/babtechnologie"]}]}},"_links":{"self":[{"href":"https:\/\/logikeditor.de\/en\/wp-json\/wp\/v2\/pages\/96","targetHints":{"allow":["GET"]}}],"collection":[{"href":"https:\/\/logikeditor.de\/en\/wp-json\/wp\/v2\/pages"}],"about":[{"href":"https:\/\/logikeditor.de\/en\/wp-json\/wp\/v2\/types\/page"}],"author":[{"embeddable":true,"href":"https:\/\/logikeditor.de\/en\/wp-json\/wp\/v2\/users\/1"}],"replies":[{"embeddable":true,"href":"https:\/\/logikeditor.de\/en\/wp-json\/wp\/v2\/comments?post=96"}],"version-history":[{"count":3,"href":"https:\/\/logikeditor.de\/en\/wp-json\/wp\/v2\/pages\/96\/revisions"}],"predecessor-version":[{"id":135,"href":"https:\/\/logikeditor.de\/en\/wp-json\/wp\/v2\/pages\/96\/revisions\/135"}],"wp:attachment":[{"href":"https:\/\/logikeditor.de\/en\/wp-json\/wp\/v2\/media?parent=96"}],"curies":[{"name":"wp","href":"https:\/\/api.w.org\/{rel}","templated":true}]}}